{"id":2777,"date":"2025-02-24T01:10:29","date_gmt":"2025-02-24T05:10:29","guid":{"rendered":"http:\/\/nouveau.airmedic.net\/privacy-policy\/"},"modified":"2025-03-22T15:37:37","modified_gmt":"2025-03-22T15:37:37","slug":"privacy-policy","status":"publish","type":"page","link":"https:\/\/www.airmedic.net\/en\/privacy-policy\/","title":{"rendered":"Privacy Policy"},"content":{"rendered":"\t\t<div data-elementor-type=\"wp-page\" data-elementor-id=\"2777\" class=\"elementor elementor-2777 elementor-2535\" data-elementor-post-type=\"page\">\n\t\t\t\t<div class=\"elementor-element elementor-element-0ab8ef4 e-con-full e-flex e-con e-parent\" data-id=\"0ab8ef4\" data-element_type=\"container\" data-e-type=\"container\" data-settings=\"{&quot;background_background&quot;:&quot;gradient&quot;}\">\n\t\t<div class=\"elementor-element elementor-element-1443345 e-con-full e-flex e-con e-child\" data-id=\"1443345\" data-element_type=\"container\" data-e-type=\"container\">\n\t\t<div class=\"elementor-element elementor-element-0baf2d2 e-con-full e-flex e-con e-child\" data-id=\"0baf2d2\" data-element_type=\"container\" data-e-type=\"container\">\n\t\t\t\t<div class=\"elementor-element elementor-element-af28f16 elementor-widget elementor-widget-heading\" data-id=\"af28f16\" data-element_type=\"widget\" data-e-type=\"widget\" data-widget_type=\"heading.default\">\n\t\t\t\t<div class=\"elementor-widget-container\">\n\t\t\t\t\t<h1 class=\"elementor-heading-title elementor-size-default\">Privacy Policy<\/h1>\t\t\t\t<\/div>\n\t\t\t\t<\/div>\n\t\t\t\t<\/div>\n\t\t<div class=\"elementor-element elementor-element-8256933 e-con-full e-flex e-con e-child\" data-id=\"8256933\" data-element_type=\"container\" data-e-type=\"container\" data-settings=\"{&quot;background_background&quot;:&quot;classic&quot;}\">\n\t\t\t\t<\/div>\n\t\t\t\t<\/div>\n\t\t<div class=\"elementor-element elementor-element-ac1bea3 e-flex e-con-boxed e-con e-child\" data-id=\"ac1bea3\" data-element_type=\"container\" data-e-type=\"container\">\n\t\t\t\t\t<div class=\"e-con-inner\">\n\t\t\t\t<div class=\"elementor-element elementor-element-a8844ac elementor-widget elementor-widget-text-editor\" data-id=\"a8844ac\" data-element_type=\"widget\" data-e-type=\"widget\" data-widget_type=\"text-editor.default\">\n\t\t\t\t<div class=\"elementor-widget-container\">\n\t\t\t\t\t\t\t\t\t<h2><strong>Privacy Policy<\/strong><\/h2>\n<p>Effective as of June 1, 2012, Airmedic holds your privacy in high regard. This Policy details how Airmedic collects, uses and discloses the Personal Information you provided during your use of airmedic.net as well as any other sites operated by Airmedic or the Airmedic Foundation. This includes any current and future microsites including tools, applications, and self-management data systems for members and donors (\u201cWebsites\u201d) as well as electronic publications, bulletins and announcements to which you have access via the Website (\u201celectronic communications\u201d). By using this Website, you are giving us consent to collect, use and divulge your Personal Information in compliance with the present Policy.<br \/>We know how important it is to protect the privacy and Personal Information of our members, customers and employees. If you have any questions about this Privacy Policy or how Airmedic collects, uses, transmits and protects your Personal Information, please contact our Privacy Officer via this form, by email at <a href=\"mailto:vieprivee@airmedic.net\">privacy@airmedic.net<\/a>, or by mail at the following address:<br \/>Privacy Officer<br \/>4980 Route de l\u2019a\u00e9roport<br \/>Saint-Hubert, Quebec<br \/>J3Y 8Y9      <\/p>\n<h3><span style=\"text-decoration: underline;\"><strong>Information collected automatically<\/strong><\/span><\/h3>\n<h4><strong>Non-identifying information<\/strong><\/h4>\n<p>It is possible that our Websites automatically gather certain types of non-identifying information about users. This information includes but is not limited to the type of browser being used, the operating system and the name of the Website from which they were directly referred to our Website, as well as ads and promotions, the sections of the Website they visited, the sections of the Website they read and the images they saw, and those that were loaded on the Website or were downloaded from it.<br \/>This non-identifying information is used for the optimization and operation of our web services, to maintain the quality of our services, and to compile general statistics regarding the use of our web services.<br \/>In no way will we attempt to connect the non-identifying information with the identity of the individuals visiting our Websites. However, it is possible that we may review the service registry for security purposes. Therefore, it is possible that the data in the service registry (where the IP addresses of visitors are logged) could be used to trace and identify people in the event of a criminal act. In this type of situation, the data registry will be handed over to the relevant authorities to help them in their enquiry into security breaches.   <\/p>\n<h4><strong>Cookies<\/strong><\/h4>\n<p>Websites often use \u201ccookies.\u201d This technology installs one or more small files on a user\u2019s computer which allows the site in question to recognize the computer during subsequent visits. The use of cookies makes Websites more efficient and personalized. If you prefer, and if your browser allows it, you can disable cookies, but you may not be able to fully use the Website and all its functions.  <\/p>\n<h3><span style=\"text-decoration: underline;\"><strong>Personal identifying information that you expressly provide on Websites<\/strong><\/span><\/h3>\n<h4><strong>Your nominative Personal Information<\/strong><\/h4>\n<p>When you visit our Websites, you may be asked to provide some Personal Information, especially, but not limited to, your name and email address. For instance, when you purchase an Airmedic membership card or donate to the Airmedic Foundation, you may also be asked to provide your postal code and the data on your credit card to complete the transaction or to produce your receipt. <\/p>\n<h4><strong>The use of your Personal Information<\/strong><\/h4>\n<p>it is possible that Airmedic uses your Personal Information occasionally to contact or correspond with you; to answer your questions; facilitate and process your membership to our service; provide you with access to certain functions or areas of the Website which you have requested or to areas where you have opted to display information; to receive and process your annual membership payments and donations; to send you receipts for tax purposes (where applicable) and to follow up on communications with you. Additionally, Airmedic may use your Personal Information to provide you with interactive and personalized experience; develop new web services, tools and functions that respond to your needs; improve the Websites and offer the type of electronic communications that you have requested. Airmedic may also use your Personal Information for any other means allowed or required by law. By visiting our Websites and sending your Personal Information to Airmedic in regard to a special feature of the Websites, you authorize Airmedic to use the aforementioned information for the means of the aforementioned features.   <\/p>\n<h4><strong>Airmedic electronic communications<\/strong><\/h4>\n<p>At any time, you can request Airmedic to stop sending you electronic communications by contacting <a href=\"mailto:tech@airmedic.net\">tech@airmedic.net<\/a>. Please allow 10 business days for the cancellation to be processed. <\/p>\n<h4><strong>Disclosure of your Personal Information<\/strong><\/h4>\n<p>In accordance with needs, Airmedic may transmit or disclose information collected about you with its employees, agents and service suppliers for commercial, professional, medical or technical needs. These parties are under the same obligations as Airmedic in virtue of the present Policy. Airmedic may disclose your Personal Information to a governmental institution in virtue of its legal authority to obtain such information. As well, if Airmedic has reason to believe that the aforementioned information may be useful for an enquiry into criminal activities, or in order to comply with a warrant, subpoena, or court order, a person or organization with the authority to impose the disclosure of information, to comply with the rules of court on the subject of disclosing files and information and to protect the rights and property of Airmedic. Airmedic may also disclose your Personal Information to a governmental institution for any means permitted or required by law. Should Airmedic be part of an acquisition, fusion or restructuring, in any manner, it is possible that your Personal Information may be disclosed to the newly formed organization.    <\/p>\n<h4><strong>Archiving and protecting your information<\/strong><\/h4>\n<p>To protect the privacy of your Personal Information, Airmedic takes appropriate security measures given the delicate nature of the aforementioned information. Nevertheless, given the nature of the Internet and web technologies, security and privacy risks cannot be completely eliminated. Consequently, Airmedic is not able to unconditionally guarantee that your Personal Information will not be disclosed in any manner not described in the present Policy.  <\/p>\n<h4><strong>Storage of information<\/strong><\/h4>\n<p>Airmedic retains your Personal Information only as long as required for the purposes for which it was collected and to respect federal and provincial legislation.<\/p>\n<h4><strong>Access to your Personal Information<\/strong><\/h4>\n<p>Laws regarding the protection of your private life in Canada provide certain rights of access to the Personal Information that is in our possession, and requests may be made for the purposes of corrections. You are entitled to ask for access to your Personal Information and to know how this information has been collected, used and disclosed by writing to our website coordinator at: WEBMASTER Airmedic, 4980 Route de l\u2019A\u00e9roport, St-Hubert, QC J3Y 8Y9. You can also help Airmedic to keep your information current by advising us of any change.  <\/p>\n<p><strong>Withdrawal of consent <\/strong><\/p>\n<p>You may withdraw your consent regarding the collection, use and disclosure of your Personal Information at any time. To do so, please contact our website coordinator at: WEBMASTER Airmedic, 4980 Route de l\u2019A\u00e9roport, St-Hubert, QC J3Y 8Y9. Please note that our emails regularly offer the possibility of unsubscribing from our electronic communications and provide the option to remove your name from our list for future mailings.  <\/p>\n<p><strong>Other Websites <\/strong><\/p>\n<p>Our Websites may contain links to other Websites or Internet resources, including those of our partners. When you click on one of these links, you are entering a new web page or another Internet resource which may collect information about you, either voluntarily or through the use of cookies or other technological means. Airmedic is not responsible for the aforementioned sites or Internet resources, nor the manner in which they collect, use and disclose your Personal Information, and it has no control in this matter.  <\/p>\n<p><strong>Former users <\/strong><\/p>\n<p>If you no longer use the Websites and have not removed your consent to the collection, usage and disclosure of your Personal Information in compliance with the present Policy, Airmedic may, in certain circumstances, continue to use and disclose your Personal Information, as long as it remains in compliance with the present Policy (which may be modified at any time) and with the law.<\/p>\n<p><strong>Modifications to the Privacy Policy <\/strong><\/p>\n<p>The present Policy may be modified by Airmedic at any time, at the exclusive discretion of Airmedic, without prior notice or liability to this effect. The collection, usage and disclosure of your Personal Information by Airmedic are governed by the version of the present Policy currently in effect. New versions of the present Policy will be posted on our Websites. By continuing to use the Websites, or by receiving or requesting electronic communications following changes made to the present Policy, you consent to the collection, use and disclosure of your Personal Information in compliance with the present Policy. Additionally, when you use the Websites, or when receiving or requesting electronic communications following changes made to the present Policy, we recommend that you verify the date of the Policy and make note of any changes that have been made. We also recommend that you bookmark this page so that you can periodically reread the present Policy and verify that it is the most recent version.     <strong> <\/strong><\/p>\n<p><strong>Your comments <\/strong><\/p>\n<p>Should you have any questions or comments regarding the present Policy, or about your Personal Information, please contact the Head of Personal Information protection and Web Coordinator by email at webmestre@airmedic.net or by mail at: WEBMASTER Airmedic, 4980 Route de l\u2019A\u00e9roport, St-Hubert, QC J3Y 8Y9.<\/p>\n\t\t\t\t\t\t\t\t<\/div>\n\t\t\t\t<\/div>\n\t\t\t\t\t<\/div>\n\t\t\t\t<\/div>\n\t\t\t\t<\/div>\n\t\t<div class=\"elementor-element elementor-element-2a1cc0a e-con-full e-flex e-con e-parent\" data-id=\"2a1cc0a\" data-element_type=\"container\" data-e-type=\"container\">\n\t\t<div class=\"elementor-element elementor-element-99fc50b e-con-full e-flex e-con e-child\" data-id=\"99fc50b\" data-element_type=\"container\" data-e-type=\"container\">\n\t\t<div class=\"elementor-element elementor-element-5b5aafd e-con-full e-flex e-con e-child\" data-id=\"5b5aafd\" data-element_type=\"container\" data-e-type=\"container\">\n\t\t\t\t<div class=\"elementor-element elementor-element-c2a31d6 am-svg elementor-widget elementor-widget-image\" data-id=\"c2a31d6\" data-element_type=\"widget\" data-e-type=\"widget\" data-widget_type=\"image.default\">\n\t\t\t\t<div class=\"elementor-widget-container\">\n\t\t\t\t\t\t\t\t\t\t\t\t\t\t\t<img decoding=\"async\" width=\"80\" height=\"80\" src=\"https:\/\/www.airmedic.net\/wp-content\/uploads\/2025\/02\/question-1.svg\" class=\"attachment-full size-full wp-image-2465\" alt=\"\" \/>\t\t\t\t\t\t\t\t\t\t\t\t\t\t\t<\/div>\n\t\t\t\t<\/div>\n\t\t\t\t<div class=\"elementor-element elementor-element-e159e60 elementor-widget elementor-widget-heading\" data-id=\"e159e60\" data-element_type=\"widget\" data-e-type=\"widget\" data-widget_type=\"heading.default\">\n\t\t\t\t<div class=\"elementor-widget-container\">\n\t\t\t\t\t<h2 class=\"elementor-heading-title elementor-size-default\">Any questions?<\/h2>\t\t\t\t<\/div>\n\t\t\t\t<\/div>\n\t\t\t\t<\/div>\n\t\t\t\t<div class=\"elementor-element elementor-element-e346bcc elementor-widget__width-initial elementor-widget-mobile__width-inherit elementor-widget elementor-widget-text-editor\" data-id=\"e346bcc\" data-element_type=\"widget\" data-e-type=\"widget\" data-widget_type=\"text-editor.default\">\n\t\t\t\t<div class=\"elementor-widget-container\">\n\t\t\t\t\t\t\t\t\t<p>At Airmedic, we offer tailor-made services to meet your specific needs, optimizing your operations and ensuring medical transport no matter where you are.<\/p>\n\t\t\t\t\t\t\t\t<\/div>\n\t\t\t\t<\/div>\n\t\t\t\t<\/div>\n\t\t<div class=\"elementor-element elementor-element-e93b4df e-con-full e-flex e-con e-child\" data-id=\"e93b4df\" data-element_type=\"container\" data-e-type=\"container\">\n\t\t\t\t<div class=\"elementor-element elementor-element-336d94d elementor-mobile-align-center elementor-widget elementor-widget-button\" data-id=\"336d94d\" data-element_type=\"widget\" data-e-type=\"widget\" data-widget_type=\"button.default\">\n\t\t\t\t<div class=\"elementor-widget-container\">\n\t\t\t\t\t\t\t\t\t<div class=\"elementor-button-wrapper\">\n\t\t\t\t\t<a class=\"elementor-button elementor-button-link elementor-size-sm\" href=\"https:\/\/www.airmedic.net\/en\/contact-us\/\">\n\t\t\t\t\t\t<span class=\"elementor-button-content-wrapper\">\n\t\t\t\t\t\t\t\t\t<span class=\"elementor-button-text\">CONTACT US<\/span>\n\t\t\t\t\t<\/span>\n\t\t\t\t\t<\/a>\n\t\t\t\t<\/div>\n\t\t\t\t\t\t\t\t<\/div>\n\t\t\t\t<\/div>\n\t\t\t\t<\/div>\n\t\t\t\t<\/div>\n\t\t\t\t<\/div>\n\t\t","protected":false},"excerpt":{"rendered":"<p>Privacy Policy<\/p>\n","protected":false},"author":1,"featured_media":4920,"parent":0,"menu_order":0,"comment_status":"closed","ping_status":"closed","template":"","meta":{"_acf_changed":false,"inline_featured_image":false,"footnotes":""},"class_list":["post-2777","page","type-page","status-publish","has-post-thumbnail","hentry"],"acf":[],"yoast_head":"<!-- This site is optimized with the Yoast SEO Premium plugin v26.9 (Yoast SEO v26.9) - https:\/\/yoast.com\/product\/yoast-seo-premium-wordpress\/ -->\n<title>Privacy Policy | Protecting Your Data<\/title>\n<meta name=\"description\" content=\"Learn how Airmedic protects your data and respects your privacy. Read our privacy policy.\" \/>\n<meta name=\"robots\" content=\"index, follow, max-snippet:-1, max-image-preview:large, max-video-preview:-1\" \/>\n<link rel=\"canonical\" href=\"https:\/\/www.airmedic.net\/en\/privacy-policy\/\" \/>\n<meta property=\"og:locale\" content=\"en_US\" \/>\n<meta property=\"og:type\" content=\"article\" \/>\n<meta property=\"og:title\" content=\"Privacy Policy | Protecting Your Data\" \/>\n<meta property=\"og:description\" content=\"D\u00e9couvrez comment Airmedic prot\u00e8ge vos donn\u00e9es et respecte votre confidentialit\u00e9. Consultez notre politique!\" \/>\n<meta property=\"og:url\" content=\"https:\/\/www.airmedic.net\/en\/privacy-policy\/\" \/>\n<meta property=\"og:site_name\" content=\"Airmedic\" \/>\n<meta property=\"article:publisher\" content=\"https:\/\/www.facebook.com\/AIRMEDIC.QC\" \/>\n<meta property=\"article:modified_time\" content=\"2025-03-22T15:37:37+00:00\" \/>\n<meta property=\"og:image\" content=\"https:\/\/www.airmedic.net\/wp-content\/uploads\/2025\/03\/DSC_9134-1x-1024x680.jpg\" \/>\n<meta name=\"twitter:card\" content=\"summary_large_image\" \/>\n<meta name=\"twitter:title\" content=\"Privacy Policy\" \/>\n<meta name=\"twitter:label1\" content=\"Est. reading time\" \/>\n\t<meta name=\"twitter:data1\" content=\"8 minutes\" \/>\n<script type=\"application\/ld+json\" class=\"yoast-schema-graph\">{\"@context\":\"https:\/\/schema.org\",\"@graph\":[{\"@type\":\"WebPage\",\"@id\":\"https:\/\/www.airmedic.net\/en\/privacy-policy\/\",\"url\":\"https:\/\/www.airmedic.net\/en\/privacy-policy\/\",\"name\":\"Privacy Policy | Protecting Your Data\",\"isPartOf\":{\"@id\":\"https:\/\/www.airmedic.net\/en\/#website\"},\"primaryImageOfPage\":{\"@id\":\"https:\/\/www.airmedic.net\/en\/privacy-policy\/#primaryimage\"},\"image\":{\"@id\":\"https:\/\/www.airmedic.net\/en\/privacy-policy\/#primaryimage\"},\"thumbnailUrl\":\"https:\/\/www.airmedic.net\/wp-content\/uploads\/2025\/03\/DSC_9134-1x.jpg\",\"datePublished\":\"2025-02-24T05:10:29+00:00\",\"dateModified\":\"2025-03-22T15:37:37+00:00\",\"description\":\"Learn how Airmedic protects your data and respects your privacy. Read our privacy policy.\",\"breadcrumb\":{\"@id\":\"https:\/\/www.airmedic.net\/en\/privacy-policy\/#breadcrumb\"},\"inLanguage\":\"en-US\",\"potentialAction\":[{\"@type\":\"ReadAction\",\"target\":[\"https:\/\/www.airmedic.net\/en\/privacy-policy\/\"]}]},{\"@type\":\"ImageObject\",\"inLanguage\":\"en-US\",\"@id\":\"https:\/\/www.airmedic.net\/en\/privacy-policy\/#primaryimage\",\"url\":\"https:\/\/www.airmedic.net\/wp-content\/uploads\/2025\/03\/DSC_9134-1x.jpg\",\"contentUrl\":\"https:\/\/www.airmedic.net\/wp-content\/uploads\/2025\/03\/DSC_9134-1x.jpg\",\"width\":2000,\"height\":1328,\"caption\":\"Avion-ambulance Airmedic pr\u00eat au d\u00e9collage pour un rapatriement m\u00e9dical, \u00e9quip\u00e9 pour offrir des soins sp\u00e9cialis\u00e9s en vol.\"},{\"@type\":\"BreadcrumbList\",\"@id\":\"https:\/\/www.airmedic.net\/en\/privacy-policy\/#breadcrumb\",\"itemListElement\":[{\"@type\":\"ListItem\",\"position\":1,\"name\":\"Home\",\"item\":\"https:\/\/www.airmedic.net\/en\/\"},{\"@type\":\"ListItem\",\"position\":2,\"name\":\"Privacy Policy\"}]},{\"@type\":\"WebSite\",\"@id\":\"https:\/\/www.airmedic.net\/en\/#website\",\"url\":\"https:\/\/www.airmedic.net\/en\/\",\"name\":\"Airmedic\",\"description\":\"\",\"publisher\":{\"@id\":\"https:\/\/www.airmedic.net\/en\/#organization\"},\"inLanguage\":\"en-US\"},{\"@type\":\"Organization\",\"@id\":\"https:\/\/www.airmedic.net\/en\/#organization\",\"name\":\"Airmedic\",\"url\":\"https:\/\/www.airmedic.net\/en\/\",\"logo\":{\"@type\":\"ImageObject\",\"inLanguage\":\"en-US\",\"@id\":\"https:\/\/www.airmedic.net\/en\/#\/schema\/logo\/image\/\",\"url\":\"https:\/\/www.airmedic.net\/wp-content\/uploads\/2024\/10\/logo-header.svg\",\"contentUrl\":\"https:\/\/www.airmedic.net\/wp-content\/uploads\/2024\/10\/logo-header.svg\",\"width\":443,\"height\":123,\"caption\":\"Airmedic\"},\"image\":{\"@id\":\"https:\/\/www.airmedic.net\/en\/#\/schema\/logo\/image\/\"},\"sameAs\":[\"https:\/\/www.facebook.com\/AIRMEDIC.QC\",\"https:\/\/www.instagram.com\/airmedicqc\",\"https:\/\/www.youtube.com\/@airmedic6472\"]}]}<\/script>\n<!-- \/ Yoast SEO Premium plugin. -->","yoast_head_json":{"title":"Privacy Policy | Protecting Your Data","description":"Learn how Airmedic protects your data and respects your privacy. Read our privacy policy.","robots":{"index":"index","follow":"follow","max-snippet":"max-snippet:-1","max-image-preview":"max-image-preview:large","max-video-preview":"max-video-preview:-1"},"canonical":"https:\/\/www.airmedic.net\/en\/privacy-policy\/","og_locale":"en_US","og_type":"article","og_title":"Privacy Policy | Protecting Your Data","og_description":"D\u00e9couvrez comment Airmedic prot\u00e8ge vos donn\u00e9es et respecte votre confidentialit\u00e9. Consultez notre politique!","og_url":"https:\/\/www.airmedic.net\/en\/privacy-policy\/","og_site_name":"Airmedic","article_publisher":"https:\/\/www.facebook.com\/AIRMEDIC.QC","article_modified_time":"2025-03-22T15:37:37+00:00","og_image":[{"url":"https:\/\/www.airmedic.net\/wp-content\/uploads\/2025\/03\/DSC_9134-1x-1024x680.jpg","type":"","width":"","height":""}],"twitter_card":"summary_large_image","twitter_title":"Privacy Policy","twitter_misc":{"Est. reading time":"8 minutes"},"schema":{"@context":"https:\/\/schema.org","@graph":[{"@type":"WebPage","@id":"https:\/\/www.airmedic.net\/en\/privacy-policy\/","url":"https:\/\/www.airmedic.net\/en\/privacy-policy\/","name":"Privacy Policy | Protecting Your Data","isPartOf":{"@id":"https:\/\/www.airmedic.net\/en\/#website"},"primaryImageOfPage":{"@id":"https:\/\/www.airmedic.net\/en\/privacy-policy\/#primaryimage"},"image":{"@id":"https:\/\/www.airmedic.net\/en\/privacy-policy\/#primaryimage"},"thumbnailUrl":"https:\/\/www.airmedic.net\/wp-content\/uploads\/2025\/03\/DSC_9134-1x.jpg","datePublished":"2025-02-24T05:10:29+00:00","dateModified":"2025-03-22T15:37:37+00:00","description":"Learn how Airmedic protects your data and respects your privacy. Read our privacy policy.","breadcrumb":{"@id":"https:\/\/www.airmedic.net\/en\/privacy-policy\/#breadcrumb"},"inLanguage":"en-US","potentialAction":[{"@type":"ReadAction","target":["https:\/\/www.airmedic.net\/en\/privacy-policy\/"]}]},{"@type":"ImageObject","inLanguage":"en-US","@id":"https:\/\/www.airmedic.net\/en\/privacy-policy\/#primaryimage","url":"https:\/\/www.airmedic.net\/wp-content\/uploads\/2025\/03\/DSC_9134-1x.jpg","contentUrl":"https:\/\/www.airmedic.net\/wp-content\/uploads\/2025\/03\/DSC_9134-1x.jpg","width":2000,"height":1328,"caption":"Avion-ambulance Airmedic pr\u00eat au d\u00e9collage pour un rapatriement m\u00e9dical, \u00e9quip\u00e9 pour offrir des soins sp\u00e9cialis\u00e9s en vol."},{"@type":"BreadcrumbList","@id":"https:\/\/www.airmedic.net\/en\/privacy-policy\/#breadcrumb","itemListElement":[{"@type":"ListItem","position":1,"name":"Home","item":"https:\/\/www.airmedic.net\/en\/"},{"@type":"ListItem","position":2,"name":"Privacy Policy"}]},{"@type":"WebSite","@id":"https:\/\/www.airmedic.net\/en\/#website","url":"https:\/\/www.airmedic.net\/en\/","name":"Airmedic","description":"","publisher":{"@id":"https:\/\/www.airmedic.net\/en\/#organization"},"inLanguage":"en-US"},{"@type":"Organization","@id":"https:\/\/www.airmedic.net\/en\/#organization","name":"Airmedic","url":"https:\/\/www.airmedic.net\/en\/","logo":{"@type":"ImageObject","inLanguage":"en-US","@id":"https:\/\/www.airmedic.net\/en\/#\/schema\/logo\/image\/","url":"https:\/\/www.airmedic.net\/wp-content\/uploads\/2024\/10\/logo-header.svg","contentUrl":"https:\/\/www.airmedic.net\/wp-content\/uploads\/2024\/10\/logo-header.svg","width":443,"height":123,"caption":"Airmedic"},"image":{"@id":"https:\/\/www.airmedic.net\/en\/#\/schema\/logo\/image\/"},"sameAs":["https:\/\/www.facebook.com\/AIRMEDIC.QC","https:\/\/www.instagram.com\/airmedicqc","https:\/\/www.youtube.com\/@airmedic6472"]}]}},"_links":{"self":[{"href":"https:\/\/www.airmedic.net\/en\/wp-json\/wp\/v2\/pages\/2777","targetHints":{"allow":["GET"]}}],"collection":[{"href":"https:\/\/www.airmedic.net\/en\/wp-json\/wp\/v2\/pages"}],"about":[{"href":"https:\/\/www.airmedic.net\/en\/wp-json\/wp\/v2\/types\/page"}],"author":[{"embeddable":true,"href":"https:\/\/www.airmedic.net\/en\/wp-json\/wp\/v2\/users\/1"}],"replies":[{"embeddable":true,"href":"https:\/\/www.airmedic.net\/en\/wp-json\/wp\/v2\/comments?post=2777"}],"version-history":[{"count":0,"href":"https:\/\/www.airmedic.net\/en\/wp-json\/wp\/v2\/pages\/2777\/revisions"}],"wp:featuredmedia":[{"embeddable":true,"href":"https:\/\/www.airmedic.net\/en\/wp-json\/wp\/v2\/media\/4920"}],"wp:attachment":[{"href":"https:\/\/www.airmedic.net\/en\/wp-json\/wp\/v2\/media?parent=2777"}],"curies":[{"name":"wp","href":"https:\/\/api.w.org\/{rel}","templated":true}]}}